{"id":2123,"date":"2023-01-27T09:27:29","date_gmt":"2023-01-27T08:27:29","guid":{"rendered":"https:\/\/tbolides.com\/?post_type=product&#038;p=2123"},"modified":"2024-12-02T09:28:34","modified_gmt":"2024-12-02T08:28:34","slug":"triumph-tr-4","status":"publish","type":"product","link":"https:\/\/tbolides.com\/en\/product\/triumph-tr-4\/","title":{"rendered":"TRIUMPH TR4"},"content":{"rendered":"","protected":false},"excerpt":{"rendered":"","protected":false},"featured_media":2125,"comment_status":"open","ping_status":"closed","template":"","meta":{"_acf_changed":false,"_exactmetrics_skip_tracking":false,"_exactmetrics_sitenote_active":false,"_exactmetrics_sitenote_note":"","_exactmetrics_sitenote_category":0},"product_brand":[],"product_cat":[18],"product_tag":[],"class_list":{"0":"post-2123","1":"product","2":"type-product","3":"status-publish","4":"has-post-thumbnail","6":"product_cat-voitures","8":"first","9":"instock","10":"shipping-taxable","11":"purchasable","12":"product-type-simple"},"acf":[],"yoast_head":"<!-- This site is optimized with the Yoast SEO plugin v27.4 - https:\/\/yoast.com\/product\/yoast-seo-wordpress\/ -->\n<title>TRIUMPH TR 4 | T-Bolides<\/title>\n<meta name=\"description\" content=\"Silhouettes automobiles, en m\u00e9tal noir \u00e0 poser ou accrocher. Fans d&#039;automobiles ou de retro-vintage, ces bolides sont pour vous ! Gr\u00e2ce \u00e0 leur design \u00e9pur\u00e9 et comtemporain, chaque cr\u00e9ation \u00e9voque une histoire, un lien particulier. V\u00e9ritable objet de collection, les s\u00e9ries sont num\u00e9rot\u00e9es et livr\u00e9es avec un certificat d&#039;authenticit\u00e9. Fabriqu\u00e9 en France. nouveaux mod\u00e8les chaque mois. Chaque Silhouette est dessin\u00e9e, finie et inspect\u00e9e avec amour par Thomas.\" \/>\n<meta name=\"robots\" content=\"index, follow, max-snippet:-1, max-image-preview:large, max-video-preview:-1\" \/>\n<link rel=\"canonical\" href=\"https:\/\/tbolides.com\/en\/product\/triumph-tr-4\/\" \/>\n<meta property=\"og:locale\" content=\"en_US\" \/>\n<meta property=\"og:type\" content=\"article\" \/>\n<meta property=\"og:title\" content=\"TRIUMPH TR 4 | T-Bolides\" \/>\n<meta property=\"og:description\" content=\"Silhouettes automobiles, en m\u00e9tal noir \u00e0 poser ou accrocher. Fans d&#039;automobiles ou de retro-vintage, ces bolides sont pour vous ! Gr\u00e2ce \u00e0 leur design \u00e9pur\u00e9 et comtemporain, chaque cr\u00e9ation \u00e9voque une histoire, un lien particulier. V\u00e9ritable objet de collection, les s\u00e9ries sont num\u00e9rot\u00e9es et livr\u00e9es avec un certificat d&#039;authenticit\u00e9. Fabriqu\u00e9 en France. nouveaux mod\u00e8les chaque mois. Chaque Silhouette est dessin\u00e9e, finie et inspect\u00e9e avec amour par Thomas.\" \/>\n<meta property=\"og:url\" content=\"https:\/\/tbolides.com\/en\/product\/triumph-tr-4\/\" \/>\n<meta property=\"og:site_name\" content=\"T-Bolides\" \/>\n<meta property=\"article:modified_time\" content=\"2024-12-02T08:28:34+00:00\" \/>\n<meta property=\"og:image\" content=\"https:\/\/tbolides.com\/wp-content\/uploads\/TRIUMPH-TR-4-Support.jpg\" \/>\n\t<meta property=\"og:image:width\" content=\"1251\" \/>\n\t<meta property=\"og:image:height\" content=\"1280\" \/>\n\t<meta property=\"og:image:type\" content=\"image\/jpeg\" \/>\n<meta name=\"twitter:card\" content=\"summary_large_image\" \/>\n<meta name=\"twitter:label1\" content=\"Est. reading time\" \/>\n\t<meta name=\"twitter:data1\" content=\"1 minute\" \/>\n<script type=\"application\/ld+json\" class=\"yoast-schema-graph\">{\"@context\":\"https:\\\/\\\/schema.org\",\"@graph\":[{\"@type\":\"WebPage\",\"@id\":\"https:\\\/\\\/tbolides.com\\\/produit\\\/triumph-tr-4\\\/\",\"url\":\"https:\\\/\\\/tbolides.com\\\/produit\\\/triumph-tr-4\\\/\",\"name\":\"TRIUMPH TR 4 | T-Bolides\",\"isPartOf\":{\"@id\":\"https:\\\/\\\/tbolides.com\\\/#website\"},\"primaryImageOfPage\":{\"@id\":\"https:\\\/\\\/tbolides.com\\\/produit\\\/triumph-tr-4\\\/#primaryimage\"},\"image\":{\"@id\":\"https:\\\/\\\/tbolides.com\\\/produit\\\/triumph-tr-4\\\/#primaryimage\"},\"thumbnailUrl\":\"https:\\\/\\\/tbolides.com\\\/wp-content\\\/uploads\\\/TRIUMPH-TR-4-Support.jpg\",\"datePublished\":\"2023-01-27T08:27:29+00:00\",\"dateModified\":\"2024-12-02T08:28:34+00:00\",\"description\":\"Silhouettes automobiles, en m\u00e9tal noir \u00e0 poser ou accrocher. Fans d'automobiles ou de retro-vintage, ces bolides sont pour vous ! Gr\u00e2ce \u00e0 leur design \u00e9pur\u00e9 et comtemporain, chaque cr\u00e9ation \u00e9voque une histoire, un lien particulier. V\u00e9ritable objet de collection, les s\u00e9ries sont num\u00e9rot\u00e9es et livr\u00e9es avec un certificat d'authenticit\u00e9. Fabriqu\u00e9 en France. nouveaux mod\u00e8les chaque mois. Chaque Silhouette est dessin\u00e9e, finie et inspect\u00e9e avec amour par Thomas.\",\"breadcrumb\":{\"@id\":\"https:\\\/\\\/tbolides.com\\\/produit\\\/triumph-tr-4\\\/#breadcrumb\"},\"inLanguage\":\"en-US\",\"potentialAction\":[{\"@type\":\"ReadAction\",\"target\":[\"https:\\\/\\\/tbolides.com\\\/produit\\\/triumph-tr-4\\\/\"]}]},{\"@type\":\"ImageObject\",\"inLanguage\":\"en-US\",\"@id\":\"https:\\\/\\\/tbolides.com\\\/produit\\\/triumph-tr-4\\\/#primaryimage\",\"url\":\"https:\\\/\\\/tbolides.com\\\/wp-content\\\/uploads\\\/TRIUMPH-TR-4-Support.jpg\",\"contentUrl\":\"https:\\\/\\\/tbolides.com\\\/wp-content\\\/uploads\\\/TRIUMPH-TR-4-Support.jpg\",\"width\":1251,\"height\":1280},{\"@type\":\"BreadcrumbList\",\"@id\":\"https:\\\/\\\/tbolides.com\\\/produit\\\/triumph-tr-4\\\/#breadcrumb\",\"itemListElement\":[{\"@type\":\"ListItem\",\"position\":1,\"name\":\"Accueil\",\"item\":\"https:\\\/\\\/tbolides.com\\\/\"},{\"@type\":\"ListItem\",\"position\":2,\"name\":\"Boutique\",\"item\":\"https:\\\/\\\/tbolides.com\\\/\"},{\"@type\":\"ListItem\",\"position\":3,\"name\":\"TRIUMPH TR 4\"}]},{\"@type\":\"WebSite\",\"@id\":\"https:\\\/\\\/tbolides.com\\\/#website\",\"url\":\"https:\\\/\\\/tbolides.com\\\/\",\"name\":\"T-Bolides\",\"description\":\"Silhouettes automobiles en m\u00e9tal\",\"publisher\":{\"@id\":\"https:\\\/\\\/tbolides.com\\\/#organization\"},\"potentialAction\":[{\"@type\":\"SearchAction\",\"target\":{\"@type\":\"EntryPoint\",\"urlTemplate\":\"https:\\\/\\\/tbolides.com\\\/?s={search_term_string}\"},\"query-input\":{\"@type\":\"PropertyValueSpecification\",\"valueRequired\":true,\"valueName\":\"search_term_string\"}}],\"inLanguage\":\"en-US\"},{\"@type\":\"Organization\",\"@id\":\"https:\\\/\\\/tbolides.com\\\/#organization\",\"name\":\"T-Bolides\",\"url\":\"https:\\\/\\\/tbolides.com\\\/\",\"logo\":{\"@type\":\"ImageObject\",\"inLanguage\":\"en-US\",\"@id\":\"https:\\\/\\\/tbolides.com\\\/#\\\/schema\\\/logo\\\/image\\\/\",\"url\":\"https:\\\/\\\/tbolides.com\\\/wp-content\\\/uploads\\\/Capture-decran-2022-11-04-a-11.41.35.png\",\"contentUrl\":\"https:\\\/\\\/tbolides.com\\\/wp-content\\\/uploads\\\/Capture-decran-2022-11-04-a-11.41.35.png\",\"width\":304,\"height\":270,\"caption\":\"T-Bolides\"},\"image\":{\"@id\":\"https:\\\/\\\/tbolides.com\\\/#\\\/schema\\\/logo\\\/image\\\/\"}}]}<\/script>\n<!-- \/ Yoast SEO plugin. -->","yoast_head_json":{"title":"TRIUMPH TR 4 | T-Bolides","description":"Silhouettes automobiles, en m\u00e9tal noir \u00e0 poser ou accrocher. Fans d'automobiles ou de retro-vintage, ces bolides sont pour vous ! Gr\u00e2ce \u00e0 leur design \u00e9pur\u00e9 et comtemporain, chaque cr\u00e9ation \u00e9voque une histoire, un lien particulier. V\u00e9ritable objet de collection, les s\u00e9ries sont num\u00e9rot\u00e9es et livr\u00e9es avec un certificat d'authenticit\u00e9. Fabriqu\u00e9 en France. nouveaux mod\u00e8les chaque mois. Chaque Silhouette est dessin\u00e9e, finie et inspect\u00e9e avec amour par Thomas.","robots":{"index":"index","follow":"follow","max-snippet":"max-snippet:-1","max-image-preview":"max-image-preview:large","max-video-preview":"max-video-preview:-1"},"canonical":"https:\/\/tbolides.com\/en\/product\/triumph-tr-4\/","og_locale":"en_US","og_type":"article","og_title":"TRIUMPH TR 4 | T-Bolides","og_description":"Silhouettes automobiles, en m\u00e9tal noir \u00e0 poser ou accrocher. Fans d'automobiles ou de retro-vintage, ces bolides sont pour vous ! Gr\u00e2ce \u00e0 leur design \u00e9pur\u00e9 et comtemporain, chaque cr\u00e9ation \u00e9voque une histoire, un lien particulier. V\u00e9ritable objet de collection, les s\u00e9ries sont num\u00e9rot\u00e9es et livr\u00e9es avec un certificat d'authenticit\u00e9. Fabriqu\u00e9 en France. nouveaux mod\u00e8les chaque mois. Chaque Silhouette est dessin\u00e9e, finie et inspect\u00e9e avec amour par Thomas.","og_url":"https:\/\/tbolides.com\/en\/product\/triumph-tr-4\/","og_site_name":"T-Bolides","article_modified_time":"2024-12-02T08:28:34+00:00","og_image":[{"width":1251,"height":1280,"url":"https:\/\/tbolides.com\/wp-content\/uploads\/TRIUMPH-TR-4-Support.jpg","type":"image\/jpeg"}],"twitter_card":"summary_large_image","twitter_misc":{"Est. reading time":"1 minute"},"schema":{"@context":"https:\/\/schema.org","@graph":[{"@type":"WebPage","@id":"https:\/\/tbolides.com\/produit\/triumph-tr-4\/","url":"https:\/\/tbolides.com\/produit\/triumph-tr-4\/","name":"TRIUMPH TR 4 | T-Bolides","isPartOf":{"@id":"https:\/\/tbolides.com\/#website"},"primaryImageOfPage":{"@id":"https:\/\/tbolides.com\/produit\/triumph-tr-4\/#primaryimage"},"image":{"@id":"https:\/\/tbolides.com\/produit\/triumph-tr-4\/#primaryimage"},"thumbnailUrl":"https:\/\/tbolides.com\/wp-content\/uploads\/TRIUMPH-TR-4-Support.jpg","datePublished":"2023-01-27T08:27:29+00:00","dateModified":"2024-12-02T08:28:34+00:00","description":"Silhouettes automobiles, en m\u00e9tal noir \u00e0 poser ou accrocher. Fans d'automobiles ou de retro-vintage, ces bolides sont pour vous ! Gr\u00e2ce \u00e0 leur design \u00e9pur\u00e9 et comtemporain, chaque cr\u00e9ation \u00e9voque une histoire, un lien particulier. V\u00e9ritable objet de collection, les s\u00e9ries sont num\u00e9rot\u00e9es et livr\u00e9es avec un certificat d'authenticit\u00e9. Fabriqu\u00e9 en France. nouveaux mod\u00e8les chaque mois. Chaque Silhouette est dessin\u00e9e, finie et inspect\u00e9e avec amour par Thomas.","breadcrumb":{"@id":"https:\/\/tbolides.com\/produit\/triumph-tr-4\/#breadcrumb"},"inLanguage":"en-US","potentialAction":[{"@type":"ReadAction","target":["https:\/\/tbolides.com\/produit\/triumph-tr-4\/"]}]},{"@type":"ImageObject","inLanguage":"en-US","@id":"https:\/\/tbolides.com\/produit\/triumph-tr-4\/#primaryimage","url":"https:\/\/tbolides.com\/wp-content\/uploads\/TRIUMPH-TR-4-Support.jpg","contentUrl":"https:\/\/tbolides.com\/wp-content\/uploads\/TRIUMPH-TR-4-Support.jpg","width":1251,"height":1280},{"@type":"BreadcrumbList","@id":"https:\/\/tbolides.com\/produit\/triumph-tr-4\/#breadcrumb","itemListElement":[{"@type":"ListItem","position":1,"name":"Accueil","item":"https:\/\/tbolides.com\/"},{"@type":"ListItem","position":2,"name":"Boutique","item":"https:\/\/tbolides.com\/"},{"@type":"ListItem","position":3,"name":"TRIUMPH TR 4"}]},{"@type":"WebSite","@id":"https:\/\/tbolides.com\/#website","url":"https:\/\/tbolides.com\/","name":"T-Cars","description":"Metal automobile silhouettes","publisher":{"@id":"https:\/\/tbolides.com\/#organization"},"potentialAction":[{"@type":"SearchAction","target":{"@type":"EntryPoint","urlTemplate":"https:\/\/tbolides.com\/?s={search_term_string}"},"query-input":{"@type":"PropertyValueSpecification","valueRequired":true,"valueName":"search_term_string"}}],"inLanguage":"en-US"},{"@type":"Organization","@id":"https:\/\/tbolides.com\/#organization","name":"T-Cars","url":"https:\/\/tbolides.com\/","logo":{"@type":"ImageObject","inLanguage":"en-US","@id":"https:\/\/tbolides.com\/#\/schema\/logo\/image\/","url":"https:\/\/tbolides.com\/wp-content\/uploads\/Capture-decran-2022-11-04-a-11.41.35.png","contentUrl":"https:\/\/tbolides.com\/wp-content\/uploads\/Capture-decran-2022-11-04-a-11.41.35.png","width":304,"height":270,"caption":"T-Bolides"},"image":{"@id":"https:\/\/tbolides.com\/#\/schema\/logo\/image\/"}}]}},"_links":{"self":[{"href":"https:\/\/tbolides.com\/en\/wp-json\/wp\/v2\/product\/2123","targetHints":{"allow":["GET"]}}],"collection":[{"href":"https:\/\/tbolides.com\/en\/wp-json\/wp\/v2\/product"}],"about":[{"href":"https:\/\/tbolides.com\/en\/wp-json\/wp\/v2\/types\/product"}],"replies":[{"embeddable":true,"href":"https:\/\/tbolides.com\/en\/wp-json\/wp\/v2\/comments?post=2123"}],"version-history":[{"count":0,"href":"https:\/\/tbolides.com\/en\/wp-json\/wp\/v2\/product\/2123\/revisions"}],"wp:featuredmedia":[{"embeddable":true,"href":"https:\/\/tbolides.com\/en\/wp-json\/wp\/v2\/media\/2125"}],"wp:attachment":[{"href":"https:\/\/tbolides.com\/en\/wp-json\/wp\/v2\/media?parent=2123"}],"wp:term":[{"taxonomy":"product_brand","embeddable":true,"href":"https:\/\/tbolides.com\/en\/wp-json\/wp\/v2\/product_brand?post=2123"},{"taxonomy":"product_cat","embeddable":true,"href":"https:\/\/tbolides.com\/en\/wp-json\/wp\/v2\/product_cat?post=2123"},{"taxonomy":"product_tag","embeddable":true,"href":"https:\/\/tbolides.com\/en\/wp-json\/wp\/v2\/product_tag?post=2123"}],"curies":[{"name":"wp","href":"https:\/\/api.w.org\/{rel}","templated":true}]}}