{"id":1995,"date":"2022-12-07T12:41:08","date_gmt":"2022-12-07T11:41:08","guid":{"rendered":"https:\/\/tbolides.com\/produit\/porsche-cayman\/"},"modified":"2024-12-02T10:08:49","modified_gmt":"2024-12-02T09:08:49","slug":"porsche-cayman","status":"publish","type":"product","link":"https:\/\/tbolides.com\/en\/product\/porsche-cayman\/","title":{"rendered":"Porsche Cayman"},"content":{"rendered":"","protected":false},"excerpt":{"rendered":"<p>The automobile silhouettes, in black metal, can be hung or posed according to your desires. Fans of automobiles or retro-vintage, these cars are for you! Thanks to their sleek and contemporary design, each creation evokes a story, a particular link. They are now displayed with class in your interiors. A true collector&#039;s item, the series are numbered and delivered with a certificate of authenticity. In addition, everything is made in France in the Lille region, and new models come out every month! Each Silhouette is lovingly drawn, finished and inspected by Thomas.<br \/>\nSupplied with wooden support and wall bracket.<\/p>","protected":false},"featured_media":1996,"comment_status":"open","ping_status":"closed","template":"","meta":{"_acf_changed":false,"_exactmetrics_skip_tracking":false,"_exactmetrics_sitenote_active":false,"_exactmetrics_sitenote_note":"","_exactmetrics_sitenote_category":0},"product_brand":[],"product_cat":[18],"product_tag":[118],"class_list":{"0":"post-1995","1":"product","2":"type-product","3":"status-publish","4":"has-post-thumbnail","6":"product_cat-voitures","7":"product_tag-ffve","9":"first","10":"instock","11":"shipping-taxable","12":"purchasable","13":"product-type-simple"},"acf":[],"yoast_head":"<!-- This site is optimized with the Yoast SEO plugin v27.3 - https:\/\/yoast.com\/product\/yoast-seo-wordpress\/ -->\n<title>Porsche Cayman | T-Bolides<\/title>\n<meta name=\"description\" content=\"Silhouette automobile de Porsche Cayman, en m\u00e9tal noir \u00e0 accrocher ou \u00e0 poser, made in France,\" \/>\n<meta name=\"robots\" content=\"index, follow, max-snippet:-1, max-image-preview:large, max-video-preview:-1\" \/>\n<link rel=\"canonical\" href=\"https:\/\/tbolides.com\/en\/product\/porsche-cayman\/\" \/>\n<meta property=\"og:locale\" content=\"en_US\" \/>\n<meta property=\"og:type\" content=\"article\" \/>\n<meta property=\"og:title\" content=\"Porsche Cayman | T-Bolides\" \/>\n<meta property=\"og:description\" content=\"Silhouette automobile de Porsche Cayman, en m\u00e9tal noir \u00e0 accrocher ou \u00e0 poser, made in France,\" \/>\n<meta property=\"og:url\" content=\"https:\/\/tbolides.com\/en\/product\/porsche-cayman\/\" \/>\n<meta property=\"og:site_name\" content=\"T-Bolides\" \/>\n<meta property=\"article:modified_time\" content=\"2024-12-02T09:08:49+00:00\" \/>\n<meta property=\"og:image\" content=\"https:\/\/tbolides.com\/wp-content\/uploads\/porsche-cayman-support-scaled.jpg\" \/>\n\t<meta property=\"og:image:width\" content=\"2560\" \/>\n\t<meta property=\"og:image:height\" content=\"2208\" \/>\n\t<meta property=\"og:image:type\" content=\"image\/jpeg\" \/>\n<meta name=\"twitter:card\" content=\"summary_large_image\" \/>\n<meta name=\"twitter:label1\" content=\"Est. reading time\" \/>\n\t<meta name=\"twitter:data1\" content=\"1 minute\" \/>\n<script type=\"application\/ld+json\" class=\"yoast-schema-graph\">{\"@context\":\"https:\\\/\\\/schema.org\",\"@graph\":[{\"@type\":\"WebPage\",\"@id\":\"https:\\\/\\\/tbolides.com\\\/produit\\\/porsche-cayman\\\/\",\"url\":\"https:\\\/\\\/tbolides.com\\\/produit\\\/porsche-cayman\\\/\",\"name\":\"Porsche Cayman | T-Bolides\",\"isPartOf\":{\"@id\":\"https:\\\/\\\/tbolides.com\\\/#website\"},\"primaryImageOfPage\":{\"@id\":\"https:\\\/\\\/tbolides.com\\\/produit\\\/porsche-cayman\\\/#primaryimage\"},\"image\":{\"@id\":\"https:\\\/\\\/tbolides.com\\\/produit\\\/porsche-cayman\\\/#primaryimage\"},\"thumbnailUrl\":\"https:\\\/\\\/tbolides.com\\\/wp-content\\\/uploads\\\/porsche-cayman-support-scaled.jpg\",\"datePublished\":\"2022-12-07T11:41:08+00:00\",\"dateModified\":\"2024-12-02T09:08:49+00:00\",\"description\":\"Silhouette automobile de Porsche Cayman, en m\u00e9tal noir \u00e0 accrocher ou \u00e0 poser, made in France,\",\"breadcrumb\":{\"@id\":\"https:\\\/\\\/tbolides.com\\\/produit\\\/porsche-cayman\\\/#breadcrumb\"},\"inLanguage\":\"en-US\",\"potentialAction\":[{\"@type\":\"ReadAction\",\"target\":[\"https:\\\/\\\/tbolides.com\\\/produit\\\/porsche-cayman\\\/\"]}]},{\"@type\":\"ImageObject\",\"inLanguage\":\"en-US\",\"@id\":\"https:\\\/\\\/tbolides.com\\\/produit\\\/porsche-cayman\\\/#primaryimage\",\"url\":\"https:\\\/\\\/tbolides.com\\\/wp-content\\\/uploads\\\/porsche-cayman-support-scaled.jpg\",\"contentUrl\":\"https:\\\/\\\/tbolides.com\\\/wp-content\\\/uploads\\\/porsche-cayman-support-scaled.jpg\",\"width\":2560,\"height\":2208},{\"@type\":\"BreadcrumbList\",\"@id\":\"https:\\\/\\\/tbolides.com\\\/produit\\\/porsche-cayman\\\/#breadcrumb\",\"itemListElement\":[{\"@type\":\"ListItem\",\"position\":1,\"name\":\"Accueil\",\"item\":\"https:\\\/\\\/tbolides.com\\\/\"},{\"@type\":\"ListItem\",\"position\":2,\"name\":\"Boutique\",\"item\":\"https:\\\/\\\/tbolides.com\\\/\"},{\"@type\":\"ListItem\",\"position\":3,\"name\":\"Porsche Cayman\"}]},{\"@type\":\"WebSite\",\"@id\":\"https:\\\/\\\/tbolides.com\\\/#website\",\"url\":\"https:\\\/\\\/tbolides.com\\\/\",\"name\":\"T-Bolides\",\"description\":\"Silhouettes automobiles en m\u00e9tal\",\"publisher\":{\"@id\":\"https:\\\/\\\/tbolides.com\\\/#organization\"},\"potentialAction\":[{\"@type\":\"SearchAction\",\"target\":{\"@type\":\"EntryPoint\",\"urlTemplate\":\"https:\\\/\\\/tbolides.com\\\/?s={search_term_string}\"},\"query-input\":{\"@type\":\"PropertyValueSpecification\",\"valueRequired\":true,\"valueName\":\"search_term_string\"}}],\"inLanguage\":\"en-US\"},{\"@type\":\"Organization\",\"@id\":\"https:\\\/\\\/tbolides.com\\\/#organization\",\"name\":\"T-Bolides\",\"url\":\"https:\\\/\\\/tbolides.com\\\/\",\"logo\":{\"@type\":\"ImageObject\",\"inLanguage\":\"en-US\",\"@id\":\"https:\\\/\\\/tbolides.com\\\/#\\\/schema\\\/logo\\\/image\\\/\",\"url\":\"https:\\\/\\\/tbolides.com\\\/wp-content\\\/uploads\\\/Capture-decran-2022-11-04-a-11.41.35.png\",\"contentUrl\":\"https:\\\/\\\/tbolides.com\\\/wp-content\\\/uploads\\\/Capture-decran-2022-11-04-a-11.41.35.png\",\"width\":304,\"height\":270,\"caption\":\"T-Bolides\"},\"image\":{\"@id\":\"https:\\\/\\\/tbolides.com\\\/#\\\/schema\\\/logo\\\/image\\\/\"}}]}<\/script>\n<!-- \/ Yoast SEO plugin. -->","yoast_head_json":{"title":"Porsche Cayman | T-Bolides","description":"Silhouette automobile de Porsche Cayman, en m\u00e9tal noir \u00e0 accrocher ou \u00e0 poser, made in France,","robots":{"index":"index","follow":"follow","max-snippet":"max-snippet:-1","max-image-preview":"max-image-preview:large","max-video-preview":"max-video-preview:-1"},"canonical":"https:\/\/tbolides.com\/en\/product\/porsche-cayman\/","og_locale":"en_US","og_type":"article","og_title":"Porsche Cayman | T-Bolides","og_description":"Silhouette automobile de Porsche Cayman, en m\u00e9tal noir \u00e0 accrocher ou \u00e0 poser, made in France,","og_url":"https:\/\/tbolides.com\/en\/product\/porsche-cayman\/","og_site_name":"T-Bolides","article_modified_time":"2024-12-02T09:08:49+00:00","og_image":[{"width":2560,"height":2208,"url":"https:\/\/tbolides.com\/wp-content\/uploads\/porsche-cayman-support-scaled.jpg","type":"image\/jpeg"}],"twitter_card":"summary_large_image","twitter_misc":{"Est. reading time":"1 minute"},"schema":{"@context":"https:\/\/schema.org","@graph":[{"@type":"WebPage","@id":"https:\/\/tbolides.com\/produit\/porsche-cayman\/","url":"https:\/\/tbolides.com\/produit\/porsche-cayman\/","name":"Porsche Cayman | T-Bolides","isPartOf":{"@id":"https:\/\/tbolides.com\/#website"},"primaryImageOfPage":{"@id":"https:\/\/tbolides.com\/produit\/porsche-cayman\/#primaryimage"},"image":{"@id":"https:\/\/tbolides.com\/produit\/porsche-cayman\/#primaryimage"},"thumbnailUrl":"https:\/\/tbolides.com\/wp-content\/uploads\/porsche-cayman-support-scaled.jpg","datePublished":"2022-12-07T11:41:08+00:00","dateModified":"2024-12-02T09:08:49+00:00","description":"Silhouette automobile de Porsche Cayman, en m\u00e9tal noir \u00e0 accrocher ou \u00e0 poser, made in France,","breadcrumb":{"@id":"https:\/\/tbolides.com\/produit\/porsche-cayman\/#breadcrumb"},"inLanguage":"en-US","potentialAction":[{"@type":"ReadAction","target":["https:\/\/tbolides.com\/produit\/porsche-cayman\/"]}]},{"@type":"ImageObject","inLanguage":"en-US","@id":"https:\/\/tbolides.com\/produit\/porsche-cayman\/#primaryimage","url":"https:\/\/tbolides.com\/wp-content\/uploads\/porsche-cayman-support-scaled.jpg","contentUrl":"https:\/\/tbolides.com\/wp-content\/uploads\/porsche-cayman-support-scaled.jpg","width":2560,"height":2208},{"@type":"BreadcrumbList","@id":"https:\/\/tbolides.com\/produit\/porsche-cayman\/#breadcrumb","itemListElement":[{"@type":"ListItem","position":1,"name":"Accueil","item":"https:\/\/tbolides.com\/"},{"@type":"ListItem","position":2,"name":"Boutique","item":"https:\/\/tbolides.com\/"},{"@type":"ListItem","position":3,"name":"Porsche Cayman"}]},{"@type":"WebSite","@id":"https:\/\/tbolides.com\/#website","url":"https:\/\/tbolides.com\/","name":"T-Cars","description":"Metal automobile silhouettes","publisher":{"@id":"https:\/\/tbolides.com\/#organization"},"potentialAction":[{"@type":"SearchAction","target":{"@type":"EntryPoint","urlTemplate":"https:\/\/tbolides.com\/?s={search_term_string}"},"query-input":{"@type":"PropertyValueSpecification","valueRequired":true,"valueName":"search_term_string"}}],"inLanguage":"en-US"},{"@type":"Organization","@id":"https:\/\/tbolides.com\/#organization","name":"T-Cars","url":"https:\/\/tbolides.com\/","logo":{"@type":"ImageObject","inLanguage":"en-US","@id":"https:\/\/tbolides.com\/#\/schema\/logo\/image\/","url":"https:\/\/tbolides.com\/wp-content\/uploads\/Capture-decran-2022-11-04-a-11.41.35.png","contentUrl":"https:\/\/tbolides.com\/wp-content\/uploads\/Capture-decran-2022-11-04-a-11.41.35.png","width":304,"height":270,"caption":"T-Bolides"},"image":{"@id":"https:\/\/tbolides.com\/#\/schema\/logo\/image\/"}}]}},"_links":{"self":[{"href":"https:\/\/tbolides.com\/en\/wp-json\/wp\/v2\/product\/1995","targetHints":{"allow":["GET"]}}],"collection":[{"href":"https:\/\/tbolides.com\/en\/wp-json\/wp\/v2\/product"}],"about":[{"href":"https:\/\/tbolides.com\/en\/wp-json\/wp\/v2\/types\/product"}],"replies":[{"embeddable":true,"href":"https:\/\/tbolides.com\/en\/wp-json\/wp\/v2\/comments?post=1995"}],"version-history":[{"count":3,"href":"https:\/\/tbolides.com\/en\/wp-json\/wp\/v2\/product\/1995\/revisions"}],"predecessor-version":[{"id":2323,"href":"https:\/\/tbolides.com\/en\/wp-json\/wp\/v2\/product\/1995\/revisions\/2323"}],"wp:featuredmedia":[{"embeddable":true,"href":"https:\/\/tbolides.com\/en\/wp-json\/wp\/v2\/media\/1996"}],"wp:attachment":[{"href":"https:\/\/tbolides.com\/en\/wp-json\/wp\/v2\/media?parent=1995"}],"wp:term":[{"taxonomy":"product_brand","embeddable":true,"href":"https:\/\/tbolides.com\/en\/wp-json\/wp\/v2\/product_brand?post=1995"},{"taxonomy":"product_cat","embeddable":true,"href":"https:\/\/tbolides.com\/en\/wp-json\/wp\/v2\/product_cat?post=1995"},{"taxonomy":"product_tag","embeddable":true,"href":"https:\/\/tbolides.com\/en\/wp-json\/wp\/v2\/product_tag?post=1995"}],"curies":[{"name":"wp","href":"https:\/\/api.w.org\/{rel}","templated":true}]}}