{"id":1150,"date":"2022-10-28T14:20:24","date_gmt":"2022-10-28T12:20:24","guid":{"rendered":"https:\/\/tbolides.com\/produit\/formule-1\/"},"modified":"2024-12-02T09:28:24","modified_gmt":"2024-12-02T08:28:24","slug":"formule-1","status":"publish","type":"product","link":"https:\/\/tbolides.com\/en\/product\/formule-1\/","title":{"rendered":"Formula 1"},"content":{"rendered":"","protected":false},"excerpt":{"rendered":"<p>The automobile silhouettes, in black metal, can be hung or posed according to your desires. Fans of automobiles or retro-vintage, these cars are for you! Thanks to their sleek and contemporary design, each creation evokes a story, a particular link. They are now displayed with class in your interiors. A true collector&#039;s item, the series are numbered and delivered with a certificate of authenticity. In addition, everything is made in France in the Lille region, and new models come out every month! Each Silhouette is lovingly drawn, finished and inspected by Thomas.<br \/>\nSupplied with wooden support and wall bracket.<\/p>","protected":false},"featured_media":1148,"comment_status":"open","ping_status":"closed","template":"","meta":{"_acf_changed":false,"_exactmetrics_skip_tracking":false,"_exactmetrics_sitenote_active":false,"_exactmetrics_sitenote_note":"","_exactmetrics_sitenote_category":0},"product_brand":[],"product_cat":[18],"product_tag":[],"class_list":{"0":"post-1150","1":"product","2":"type-product","3":"status-publish","4":"has-post-thumbnail","6":"product_cat-voitures","8":"first","9":"instock","10":"shipping-taxable","11":"purchasable","12":"product-type-simple"},"acf":[],"yoast_head":"<!-- This site is optimized with the Yoast SEO plugin v27.3 - https:\/\/yoast.com\/product\/yoast-seo-wordpress\/ -->\n<title>Formule 1 | T-Bolides<\/title>\n<meta name=\"description\" content=\"Silhouettes automobiles, en m\u00e9tal noir \u00e0 poser ou accrocher. Fans d&#039;automobiles ou de retro-vintage, ces bolides sont pour vous ! Gr\u00e2ce \u00e0 leur design \u00e9pur\u00e9 et comtemporain, chaque cr\u00e9ation \u00e9voque une histoire, un lien particulier. V\u00e9ritable objet de collection, les s\u00e9ries sont num\u00e9rot\u00e9es et livr\u00e9es avec un certificat d&#039;authenticit\u00e9. Fabriqu\u00e9 en France. nouveaux mod\u00e8les chaque mois. Chaque Silhouette est dessin\u00e9e, finie et inspect\u00e9e avec amour par Thomas.\" \/>\n<meta name=\"robots\" content=\"index, follow, max-snippet:-1, max-image-preview:large, max-video-preview:-1\" \/>\n<link rel=\"canonical\" href=\"https:\/\/tbolides.com\/en\/product\/formule-1\/\" \/>\n<meta property=\"og:locale\" content=\"en_US\" \/>\n<meta property=\"og:type\" content=\"article\" \/>\n<meta property=\"og:title\" content=\"Formule 1 | T-Bolides\" \/>\n<meta property=\"og:description\" content=\"Silhouettes automobiles, en m\u00e9tal noir \u00e0 poser ou accrocher. Fans d&#039;automobiles ou de retro-vintage, ces bolides sont pour vous ! Gr\u00e2ce \u00e0 leur design \u00e9pur\u00e9 et comtemporain, chaque cr\u00e9ation \u00e9voque une histoire, un lien particulier. V\u00e9ritable objet de collection, les s\u00e9ries sont num\u00e9rot\u00e9es et livr\u00e9es avec un certificat d&#039;authenticit\u00e9. Fabriqu\u00e9 en France. nouveaux mod\u00e8les chaque mois. Chaque Silhouette est dessin\u00e9e, finie et inspect\u00e9e avec amour par Thomas.\" \/>\n<meta property=\"og:url\" content=\"https:\/\/tbolides.com\/en\/product\/formule-1\/\" \/>\n<meta property=\"og:site_name\" content=\"T-Bolides\" \/>\n<meta property=\"article:modified_time\" content=\"2024-12-02T08:28:24+00:00\" \/>\n<meta property=\"og:image\" content=\"https:\/\/tbolides.com\/wp-content\/uploads\/formule-1-support.jpg\" \/>\n\t<meta property=\"og:image:width\" content=\"2048\" \/>\n\t<meta property=\"og:image:height\" content=\"1225\" \/>\n\t<meta property=\"og:image:type\" content=\"image\/jpeg\" \/>\n<meta name=\"twitter:card\" content=\"summary_large_image\" \/>\n<script type=\"application\/ld+json\" class=\"yoast-schema-graph\">{\"@context\":\"https:\\\/\\\/schema.org\",\"@graph\":[{\"@type\":\"WebPage\",\"@id\":\"https:\\\/\\\/tbolides.com\\\/produit\\\/formule-1\\\/\",\"url\":\"https:\\\/\\\/tbolides.com\\\/produit\\\/formule-1\\\/\",\"name\":\"Formule 1 | T-Bolides\",\"isPartOf\":{\"@id\":\"https:\\\/\\\/tbolides.com\\\/#website\"},\"primaryImageOfPage\":{\"@id\":\"https:\\\/\\\/tbolides.com\\\/produit\\\/formule-1\\\/#primaryimage\"},\"image\":{\"@id\":\"https:\\\/\\\/tbolides.com\\\/produit\\\/formule-1\\\/#primaryimage\"},\"thumbnailUrl\":\"https:\\\/\\\/tbolides.com\\\/wp-content\\\/uploads\\\/formule-1-support.jpg\",\"datePublished\":\"2022-10-28T12:20:24+00:00\",\"dateModified\":\"2024-12-02T08:28:24+00:00\",\"description\":\"Silhouettes automobiles, en m\u00e9tal noir \u00e0 poser ou accrocher. Fans d'automobiles ou de retro-vintage, ces bolides sont pour vous ! Gr\u00e2ce \u00e0 leur design \u00e9pur\u00e9 et comtemporain, chaque cr\u00e9ation \u00e9voque une histoire, un lien particulier. V\u00e9ritable objet de collection, les s\u00e9ries sont num\u00e9rot\u00e9es et livr\u00e9es avec un certificat d'authenticit\u00e9. Fabriqu\u00e9 en France. nouveaux mod\u00e8les chaque mois. Chaque Silhouette est dessin\u00e9e, finie et inspect\u00e9e avec amour par Thomas.\",\"breadcrumb\":{\"@id\":\"https:\\\/\\\/tbolides.com\\\/produit\\\/formule-1\\\/#breadcrumb\"},\"inLanguage\":\"en-US\",\"potentialAction\":[{\"@type\":\"ReadAction\",\"target\":[\"https:\\\/\\\/tbolides.com\\\/produit\\\/formule-1\\\/\"]}]},{\"@type\":\"ImageObject\",\"inLanguage\":\"en-US\",\"@id\":\"https:\\\/\\\/tbolides.com\\\/produit\\\/formule-1\\\/#primaryimage\",\"url\":\"https:\\\/\\\/tbolides.com\\\/wp-content\\\/uploads\\\/formule-1-support.jpg\",\"contentUrl\":\"https:\\\/\\\/tbolides.com\\\/wp-content\\\/uploads\\\/formule-1-support.jpg\",\"width\":2048,\"height\":1225},{\"@type\":\"BreadcrumbList\",\"@id\":\"https:\\\/\\\/tbolides.com\\\/produit\\\/formule-1\\\/#breadcrumb\",\"itemListElement\":[{\"@type\":\"ListItem\",\"position\":1,\"name\":\"Accueil\",\"item\":\"https:\\\/\\\/tbolides.com\\\/\"},{\"@type\":\"ListItem\",\"position\":2,\"name\":\"Boutique\",\"item\":\"https:\\\/\\\/tbolides.com\\\/\"},{\"@type\":\"ListItem\",\"position\":3,\"name\":\"Formule 1\"}]},{\"@type\":\"WebSite\",\"@id\":\"https:\\\/\\\/tbolides.com\\\/#website\",\"url\":\"https:\\\/\\\/tbolides.com\\\/\",\"name\":\"T-Bolides\",\"description\":\"Silhouettes automobiles en m\u00e9tal\",\"publisher\":{\"@id\":\"https:\\\/\\\/tbolides.com\\\/#organization\"},\"potentialAction\":[{\"@type\":\"SearchAction\",\"target\":{\"@type\":\"EntryPoint\",\"urlTemplate\":\"https:\\\/\\\/tbolides.com\\\/?s={search_term_string}\"},\"query-input\":{\"@type\":\"PropertyValueSpecification\",\"valueRequired\":true,\"valueName\":\"search_term_string\"}}],\"inLanguage\":\"en-US\"},{\"@type\":\"Organization\",\"@id\":\"https:\\\/\\\/tbolides.com\\\/#organization\",\"name\":\"T-Bolides\",\"url\":\"https:\\\/\\\/tbolides.com\\\/\",\"logo\":{\"@type\":\"ImageObject\",\"inLanguage\":\"en-US\",\"@id\":\"https:\\\/\\\/tbolides.com\\\/#\\\/schema\\\/logo\\\/image\\\/\",\"url\":\"https:\\\/\\\/tbolides.com\\\/wp-content\\\/uploads\\\/Capture-decran-2022-11-04-a-11.41.35.png\",\"contentUrl\":\"https:\\\/\\\/tbolides.com\\\/wp-content\\\/uploads\\\/Capture-decran-2022-11-04-a-11.41.35.png\",\"width\":304,\"height\":270,\"caption\":\"T-Bolides\"},\"image\":{\"@id\":\"https:\\\/\\\/tbolides.com\\\/#\\\/schema\\\/logo\\\/image\\\/\"}}]}<\/script>\n<!-- \/ Yoast SEO plugin. -->","yoast_head_json":{"title":"Formule 1 | T-Bolides","description":"Silhouettes automobiles, en m\u00e9tal noir \u00e0 poser ou accrocher. Fans d'automobiles ou de retro-vintage, ces bolides sont pour vous ! Gr\u00e2ce \u00e0 leur design \u00e9pur\u00e9 et comtemporain, chaque cr\u00e9ation \u00e9voque une histoire, un lien particulier. V\u00e9ritable objet de collection, les s\u00e9ries sont num\u00e9rot\u00e9es et livr\u00e9es avec un certificat d'authenticit\u00e9. Fabriqu\u00e9 en France. nouveaux mod\u00e8les chaque mois. Chaque Silhouette est dessin\u00e9e, finie et inspect\u00e9e avec amour par Thomas.","robots":{"index":"index","follow":"follow","max-snippet":"max-snippet:-1","max-image-preview":"max-image-preview:large","max-video-preview":"max-video-preview:-1"},"canonical":"https:\/\/tbolides.com\/en\/product\/formule-1\/","og_locale":"en_US","og_type":"article","og_title":"Formule 1 | T-Bolides","og_description":"Silhouettes automobiles, en m\u00e9tal noir \u00e0 poser ou accrocher. Fans d'automobiles ou de retro-vintage, ces bolides sont pour vous ! Gr\u00e2ce \u00e0 leur design \u00e9pur\u00e9 et comtemporain, chaque cr\u00e9ation \u00e9voque une histoire, un lien particulier. V\u00e9ritable objet de collection, les s\u00e9ries sont num\u00e9rot\u00e9es et livr\u00e9es avec un certificat d'authenticit\u00e9. Fabriqu\u00e9 en France. nouveaux mod\u00e8les chaque mois. Chaque Silhouette est dessin\u00e9e, finie et inspect\u00e9e avec amour par Thomas.","og_url":"https:\/\/tbolides.com\/en\/product\/formule-1\/","og_site_name":"T-Bolides","article_modified_time":"2024-12-02T08:28:24+00:00","og_image":[{"width":2048,"height":1225,"url":"https:\/\/tbolides.com\/wp-content\/uploads\/formule-1-support.jpg","type":"image\/jpeg"}],"twitter_card":"summary_large_image","schema":{"@context":"https:\/\/schema.org","@graph":[{"@type":"WebPage","@id":"https:\/\/tbolides.com\/produit\/formule-1\/","url":"https:\/\/tbolides.com\/produit\/formule-1\/","name":"Formule 1 | T-Bolides","isPartOf":{"@id":"https:\/\/tbolides.com\/#website"},"primaryImageOfPage":{"@id":"https:\/\/tbolides.com\/produit\/formule-1\/#primaryimage"},"image":{"@id":"https:\/\/tbolides.com\/produit\/formule-1\/#primaryimage"},"thumbnailUrl":"https:\/\/tbolides.com\/wp-content\/uploads\/formule-1-support.jpg","datePublished":"2022-10-28T12:20:24+00:00","dateModified":"2024-12-02T08:28:24+00:00","description":"Silhouettes automobiles, en m\u00e9tal noir \u00e0 poser ou accrocher. Fans d'automobiles ou de retro-vintage, ces bolides sont pour vous ! Gr\u00e2ce \u00e0 leur design \u00e9pur\u00e9 et comtemporain, chaque cr\u00e9ation \u00e9voque une histoire, un lien particulier. V\u00e9ritable objet de collection, les s\u00e9ries sont num\u00e9rot\u00e9es et livr\u00e9es avec un certificat d'authenticit\u00e9. Fabriqu\u00e9 en France. nouveaux mod\u00e8les chaque mois. Chaque Silhouette est dessin\u00e9e, finie et inspect\u00e9e avec amour par Thomas.","breadcrumb":{"@id":"https:\/\/tbolides.com\/produit\/formule-1\/#breadcrumb"},"inLanguage":"en-US","potentialAction":[{"@type":"ReadAction","target":["https:\/\/tbolides.com\/produit\/formule-1\/"]}]},{"@type":"ImageObject","inLanguage":"en-US","@id":"https:\/\/tbolides.com\/produit\/formule-1\/#primaryimage","url":"https:\/\/tbolides.com\/wp-content\/uploads\/formule-1-support.jpg","contentUrl":"https:\/\/tbolides.com\/wp-content\/uploads\/formule-1-support.jpg","width":2048,"height":1225},{"@type":"BreadcrumbList","@id":"https:\/\/tbolides.com\/produit\/formule-1\/#breadcrumb","itemListElement":[{"@type":"ListItem","position":1,"name":"Accueil","item":"https:\/\/tbolides.com\/"},{"@type":"ListItem","position":2,"name":"Boutique","item":"https:\/\/tbolides.com\/"},{"@type":"ListItem","position":3,"name":"Formule 1"}]},{"@type":"WebSite","@id":"https:\/\/tbolides.com\/#website","url":"https:\/\/tbolides.com\/","name":"T-Cars","description":"Metal automobile silhouettes","publisher":{"@id":"https:\/\/tbolides.com\/#organization"},"potentialAction":[{"@type":"SearchAction","target":{"@type":"EntryPoint","urlTemplate":"https:\/\/tbolides.com\/?s={search_term_string}"},"query-input":{"@type":"PropertyValueSpecification","valueRequired":true,"valueName":"search_term_string"}}],"inLanguage":"en-US"},{"@type":"Organization","@id":"https:\/\/tbolides.com\/#organization","name":"T-Cars","url":"https:\/\/tbolides.com\/","logo":{"@type":"ImageObject","inLanguage":"en-US","@id":"https:\/\/tbolides.com\/#\/schema\/logo\/image\/","url":"https:\/\/tbolides.com\/wp-content\/uploads\/Capture-decran-2022-11-04-a-11.41.35.png","contentUrl":"https:\/\/tbolides.com\/wp-content\/uploads\/Capture-decran-2022-11-04-a-11.41.35.png","width":304,"height":270,"caption":"T-Bolides"},"image":{"@id":"https:\/\/tbolides.com\/#\/schema\/logo\/image\/"}}]}},"_links":{"self":[{"href":"https:\/\/tbolides.com\/en\/wp-json\/wp\/v2\/product\/1150","targetHints":{"allow":["GET"]}}],"collection":[{"href":"https:\/\/tbolides.com\/en\/wp-json\/wp\/v2\/product"}],"about":[{"href":"https:\/\/tbolides.com\/en\/wp-json\/wp\/v2\/types\/product"}],"replies":[{"embeddable":true,"href":"https:\/\/tbolides.com\/en\/wp-json\/wp\/v2\/comments?post=1150"}],"version-history":[{"count":0,"href":"https:\/\/tbolides.com\/en\/wp-json\/wp\/v2\/product\/1150\/revisions"}],"wp:featuredmedia":[{"embeddable":true,"href":"https:\/\/tbolides.com\/en\/wp-json\/wp\/v2\/media\/1148"}],"wp:attachment":[{"href":"https:\/\/tbolides.com\/en\/wp-json\/wp\/v2\/media?parent=1150"}],"wp:term":[{"taxonomy":"product_brand","embeddable":true,"href":"https:\/\/tbolides.com\/en\/wp-json\/wp\/v2\/product_brand?post=1150"},{"taxonomy":"product_cat","embeddable":true,"href":"https:\/\/tbolides.com\/en\/wp-json\/wp\/v2\/product_cat?post=1150"},{"taxonomy":"product_tag","embeddable":true,"href":"https:\/\/tbolides.com\/en\/wp-json\/wp\/v2\/product_tag?post=1150"}],"curies":[{"name":"wp","href":"https:\/\/api.w.org\/{rel}","templated":true}]}}