{"id":825,"date":"2022-10-18T14:49:26","date_gmt":"2022-10-18T12:49:26","guid":{"rendered":"https:\/\/tbolides.com\/?page_id=825"},"modified":"2022-11-30T13:04:51","modified_gmt":"2022-11-30T12:04:51","slug":"a-propos","status":"publish","type":"page","link":"https:\/\/tbolides.com\/en\/a-propos\/","title":{"rendered":"About"},"content":{"rendered":"<div data-elementor-type=\"wp-page\" data-elementor-id=\"825\" class=\"elementor elementor-825\" data-elementor-post-type=\"page\">\n\t\t\t\t<div class=\"elementor-element elementor-element-bf69efd e-flex e-con-boxed e-con e-parent\" data-id=\"bf69efd\" data-element_type=\"container\" data-e-type=\"container\">\n\t\t\t\t\t<div class=\"e-con-inner\">\n\t\t<div class=\"elementor-element elementor-element-dc1b148 e-con-full e-flex e-con e-child\" data-id=\"dc1b148\" data-element_type=\"container\" data-e-type=\"container\">\n\t\t\t\t<div class=\"elementor-element elementor-element-2aa0916 elementor-widget elementor-widget-image\" data-id=\"2aa0916\" data-element_type=\"widget\" data-e-type=\"widget\" data-widget_type=\"image.default\">\n\t\t\t\t\t\t\t\t\t\t\t\t\t\t\t<img fetchpriority=\"high\" decoding=\"async\" width=\"506\" height=\"736\" src=\"https:\/\/tbolides.com\/wp-content\/uploads\/Thomas-P_-T_bolides-Silhouettes-voit.jpg.webp\" class=\"attachment-large size-large wp-image-912\" alt=\"\" srcset=\"https:\/\/tbolides.com\/wp-content\/uploads\/Thomas-P_-T_bolides-Silhouettes-voit.jpg.webp 506w, https:\/\/tbolides.com\/wp-content\/uploads\/Thomas-P_-T_bolides-Silhouettes-voit.jpg-206x300.webp 206w\" sizes=\"(max-width: 506px) 100vw, 506px\" \/>\t\t\t\t\t\t\t\t\t\t\t\t\t\t\t<\/div>\n\t\t\t\t<\/div>\n\t\t<div class=\"elementor-element elementor-element-118292d e-con-full e-flex e-con e-child\" data-id=\"118292d\" data-element_type=\"container\" data-e-type=\"container\">\n\t\t\t\t<div class=\"elementor-element elementor-element-e95c2ad elementor-widget elementor-widget-text-editor\" data-id=\"e95c2ad\" data-element_type=\"widget\" data-e-type=\"widget\" data-widget_type=\"text-editor.default\">\n\t\t\t\t\t\t\t\t\t<p>Passionate about cars, since my youngest age, I was looking for some time how to share this passion otherwise...\u00a0<\/p><p><strong>Thus was born <i>T.cars<\/i><\/strong><\/p>\t\t\t\t\t\t\t\t<\/div>\n\t\t\t\t<div class=\"elementor-element elementor-element-c8aad2b elementor-widget elementor-widget-text-editor\" data-id=\"c8aad2b\" data-element_type=\"widget\" data-e-type=\"widget\" data-widget_type=\"text-editor.default\">\n\t\t\t\t\t\t\t\t\t<p>The Bolides are these sports cars or not with which we like to spend hours wandering on our country roads, pampering and tinkering.<\/p><p><strong><i>T.cars<\/i> , it is therefore the reflection of a man&#039;s passion for cars, for \u201chis racing cars\u201d.<\/strong><\/p><p>Treat yourself or offer an automobile silhouette<i> T.cars<\/i>, it is first of all to treat yourself to an object of art with a refined and contemporary design, steeped in history and reflecting your passion.<\/p><p>It is also a collector&#039;s item. Indeed, I tried to reproduce as faithfully as possible the different vehicles with:<\/p><ul><li>a 1\/15 scale<sup>e<\/sup> or at 1\/10<sup>e<\/sup>.<\/li><li>a numbered series.<\/li><li>a certificate of authenticity.<\/li><li>the signature on the back of the silhouettes.<\/li><li>distinctive signs of the T.bolides brand present on each vehicle.<\/li><li>French and local design and manufacture (within a radius of 20 km)<\/li><\/ul>\t\t\t\t\t\t\t\t<\/div>\n\t\t\t\t<div class=\"elementor-element elementor-element-c141ed7 elementor-align-center elementor-widget elementor-widget-button\" data-id=\"c141ed7\" data-element_type=\"widget\" data-e-type=\"widget\" data-widget_type=\"button.default\">\n\t\t\t\t\t\t\t\t\t\t<a class=\"elementor-button elementor-button-link elementor-size-lg\" href=\"#elementor-action%3Aaction%3Dpopup%3Aopen%26settings%3DeyJpZCI6Ijk5MCIsInRvZ2dsZSI6ZmFsc2V9\">\n\t\t\t\t\t\t<span class=\"elementor-button-content-wrapper\">\n\t\t\t\t\t\t\t\t\t<span class=\"elementor-button-text\">Contact me<\/span>\n\t\t\t\t\t<\/span>\n\t\t\t\t\t<\/a>\n\t\t\t\t\t\t\t\t<\/div>\n\t\t\t\t<\/div>\n\t\t\t\t\t<\/div>\n\t\t\t\t<\/div>\n\t\t\t\t<\/div>","protected":false},"excerpt":{"rendered":"<p>Passionn\u00e9 d&rsquo;automobiles, depuis mon plus jeune \u00e2ge, je cherchais depuis quelques temps comment partager cette passion autrement\u2026\u00a0 Ainsi est n\u00e9 T.bolides Les Bolides, ce sont ces voitures de sport ou non avec lesquelles on aime passer des heures \u00e0 errer sur nos routes de campagne, \u00e0 bichonner et \u00e0 bricoler. T.bolides , c&rsquo;est donc le [&hellip;]<\/p>\n","protected":false},"author":1,"featured_media":0,"parent":0,"menu_order":0,"comment_status":"closed","ping_status":"closed","template":"elementor_header_footer","meta":{"_acf_changed":false,"_exactmetrics_skip_tracking":false,"_exactmetrics_sitenote_active":false,"_exactmetrics_sitenote_note":"","_exactmetrics_sitenote_category":0,"footnotes":""},"class_list":["post-825","page","type-page","status-publish","hentry"],"acf":[],"yoast_head":"<!-- This site is optimized with the Yoast SEO plugin v27.4 - https:\/\/yoast.com\/product\/yoast-seo-wordpress\/ -->\n<title>\u00c0 propos | T-Bolides<\/title>\n<meta name=\"robots\" content=\"index, follow, max-snippet:-1, max-image-preview:large, max-video-preview:-1\" \/>\n<link rel=\"canonical\" href=\"https:\/\/tbolides.com\/en\/a-propos\/\" \/>\n<meta property=\"og:locale\" content=\"en_US\" \/>\n<meta property=\"og:type\" content=\"article\" \/>\n<meta property=\"og:title\" content=\"\u00c0 propos | T-Bolides\" \/>\n<meta property=\"og:description\" content=\"Passionn\u00e9 d&rsquo;automobiles, depuis mon plus jeune \u00e2ge, je cherchais depuis quelques temps comment partager cette passion autrement\u2026\u00a0 Ainsi est n\u00e9 T.bolides Les Bolides, ce sont ces voitures de sport ou non avec lesquelles on aime passer des heures \u00e0 errer sur nos routes de campagne, \u00e0 bichonner et \u00e0 bricoler. T.bolides , c&rsquo;est donc le [&hellip;]\" \/>\n<meta property=\"og:url\" content=\"https:\/\/tbolides.com\/en\/a-propos\/\" \/>\n<meta property=\"og:site_name\" content=\"T-Bolides\" \/>\n<meta property=\"article:modified_time\" content=\"2022-11-30T12:04:51+00:00\" \/>\n<meta property=\"og:image\" content=\"https:\/\/tbolides.com\/wp-content\/uploads\/Thomas-P_-T_bolides-Silhouettes-voit.jpg.webp\" \/>\n<meta name=\"twitter:card\" content=\"summary_large_image\" \/>\n<meta name=\"twitter:label1\" content=\"Est. reading time\" \/>\n\t<meta name=\"twitter:data1\" content=\"2 minutes\" \/>\n<script type=\"application\/ld+json\" class=\"yoast-schema-graph\">{\"@context\":\"https:\\\/\\\/schema.org\",\"@graph\":[{\"@type\":\"WebPage\",\"@id\":\"https:\\\/\\\/tbolides.com\\\/a-propos\\\/\",\"url\":\"https:\\\/\\\/tbolides.com\\\/a-propos\\\/\",\"name\":\"\u00c0 propos | T-Bolides\",\"isPartOf\":{\"@id\":\"https:\\\/\\\/tbolides.com\\\/#website\"},\"primaryImageOfPage\":{\"@id\":\"https:\\\/\\\/tbolides.com\\\/a-propos\\\/#primaryimage\"},\"image\":{\"@id\":\"https:\\\/\\\/tbolides.com\\\/a-propos\\\/#primaryimage\"},\"thumbnailUrl\":\"https:\\\/\\\/tbolides.com\\\/wp-content\\\/uploads\\\/Thomas-P_-T_bolides-Silhouettes-voit.jpg.webp\",\"datePublished\":\"2022-10-18T12:49:26+00:00\",\"dateModified\":\"2022-11-30T12:04:51+00:00\",\"breadcrumb\":{\"@id\":\"https:\\\/\\\/tbolides.com\\\/a-propos\\\/#breadcrumb\"},\"inLanguage\":\"en-US\",\"potentialAction\":[{\"@type\":\"ReadAction\",\"target\":[\"https:\\\/\\\/tbolides.com\\\/a-propos\\\/\"]}]},{\"@type\":\"ImageObject\",\"inLanguage\":\"en-US\",\"@id\":\"https:\\\/\\\/tbolides.com\\\/a-propos\\\/#primaryimage\",\"url\":\"https:\\\/\\\/tbolides.com\\\/wp-content\\\/uploads\\\/Thomas-P_-T_bolides-Silhouettes-voit.jpg.webp\",\"contentUrl\":\"https:\\\/\\\/tbolides.com\\\/wp-content\\\/uploads\\\/Thomas-P_-T_bolides-Silhouettes-voit.jpg.webp\"},{\"@type\":\"BreadcrumbList\",\"@id\":\"https:\\\/\\\/tbolides.com\\\/a-propos\\\/#breadcrumb\",\"itemListElement\":[{\"@type\":\"ListItem\",\"position\":1,\"name\":\"Accueil\",\"item\":\"https:\\\/\\\/tbolides.com\\\/\"},{\"@type\":\"ListItem\",\"position\":2,\"name\":\"\u00c0 propos\"}]},{\"@type\":\"WebSite\",\"@id\":\"https:\\\/\\\/tbolides.com\\\/#website\",\"url\":\"https:\\\/\\\/tbolides.com\\\/\",\"name\":\"T-Bolides\",\"description\":\"Silhouettes automobiles en m\u00e9tal\",\"publisher\":{\"@id\":\"https:\\\/\\\/tbolides.com\\\/#organization\"},\"potentialAction\":[{\"@type\":\"SearchAction\",\"target\":{\"@type\":\"EntryPoint\",\"urlTemplate\":\"https:\\\/\\\/tbolides.com\\\/?s={search_term_string}\"},\"query-input\":{\"@type\":\"PropertyValueSpecification\",\"valueRequired\":true,\"valueName\":\"search_term_string\"}}],\"inLanguage\":\"en-US\"},{\"@type\":\"Organization\",\"@id\":\"https:\\\/\\\/tbolides.com\\\/#organization\",\"name\":\"T-Bolides\",\"url\":\"https:\\\/\\\/tbolides.com\\\/\",\"logo\":{\"@type\":\"ImageObject\",\"inLanguage\":\"en-US\",\"@id\":\"https:\\\/\\\/tbolides.com\\\/#\\\/schema\\\/logo\\\/image\\\/\",\"url\":\"https:\\\/\\\/tbolides.com\\\/wp-content\\\/uploads\\\/Capture-decran-2022-11-04-a-11.41.35.png\",\"contentUrl\":\"https:\\\/\\\/tbolides.com\\\/wp-content\\\/uploads\\\/Capture-decran-2022-11-04-a-11.41.35.png\",\"width\":304,\"height\":270,\"caption\":\"T-Bolides\"},\"image\":{\"@id\":\"https:\\\/\\\/tbolides.com\\\/#\\\/schema\\\/logo\\\/image\\\/\"}}]}<\/script>\n<!-- \/ Yoast SEO plugin. -->","yoast_head_json":{"title":"\u00c0 propos | T-Bolides","robots":{"index":"index","follow":"follow","max-snippet":"max-snippet:-1","max-image-preview":"max-image-preview:large","max-video-preview":"max-video-preview:-1"},"canonical":"https:\/\/tbolides.com\/en\/a-propos\/","og_locale":"en_US","og_type":"article","og_title":"\u00c0 propos | T-Bolides","og_description":"Passionn\u00e9 d&rsquo;automobiles, depuis mon plus jeune \u00e2ge, je cherchais depuis quelques temps comment partager cette passion autrement\u2026\u00a0 Ainsi est n\u00e9 T.bolides Les Bolides, ce sont ces voitures de sport ou non avec lesquelles on aime passer des heures \u00e0 errer sur nos routes de campagne, \u00e0 bichonner et \u00e0 bricoler. T.bolides , c&rsquo;est donc le [&hellip;]","og_url":"https:\/\/tbolides.com\/en\/a-propos\/","og_site_name":"T-Bolides","article_modified_time":"2022-11-30T12:04:51+00:00","og_image":[{"url":"https:\/\/tbolides.com\/wp-content\/uploads\/Thomas-P_-T_bolides-Silhouettes-voit.jpg.webp","type":"","width":"","height":""}],"twitter_card":"summary_large_image","twitter_misc":{"Est. reading time":"2 minutes"},"schema":{"@context":"https:\/\/schema.org","@graph":[{"@type":"WebPage","@id":"https:\/\/tbolides.com\/a-propos\/","url":"https:\/\/tbolides.com\/a-propos\/","name":"\u00c0 propos | T-Bolides","isPartOf":{"@id":"https:\/\/tbolides.com\/#website"},"primaryImageOfPage":{"@id":"https:\/\/tbolides.com\/a-propos\/#primaryimage"},"image":{"@id":"https:\/\/tbolides.com\/a-propos\/#primaryimage"},"thumbnailUrl":"https:\/\/tbolides.com\/wp-content\/uploads\/Thomas-P_-T_bolides-Silhouettes-voit.jpg.webp","datePublished":"2022-10-18T12:49:26+00:00","dateModified":"2022-11-30T12:04:51+00:00","breadcrumb":{"@id":"https:\/\/tbolides.com\/a-propos\/#breadcrumb"},"inLanguage":"en-US","potentialAction":[{"@type":"ReadAction","target":["https:\/\/tbolides.com\/a-propos\/"]}]},{"@type":"ImageObject","inLanguage":"en-US","@id":"https:\/\/tbolides.com\/a-propos\/#primaryimage","url":"https:\/\/tbolides.com\/wp-content\/uploads\/Thomas-P_-T_bolides-Silhouettes-voit.jpg.webp","contentUrl":"https:\/\/tbolides.com\/wp-content\/uploads\/Thomas-P_-T_bolides-Silhouettes-voit.jpg.webp"},{"@type":"BreadcrumbList","@id":"https:\/\/tbolides.com\/a-propos\/#breadcrumb","itemListElement":[{"@type":"ListItem","position":1,"name":"Accueil","item":"https:\/\/tbolides.com\/"},{"@type":"ListItem","position":2,"name":"\u00c0 propos"}]},{"@type":"WebSite","@id":"https:\/\/tbolides.com\/#website","url":"https:\/\/tbolides.com\/","name":"T-Cars","description":"Metal automobile silhouettes","publisher":{"@id":"https:\/\/tbolides.com\/#organization"},"potentialAction":[{"@type":"SearchAction","target":{"@type":"EntryPoint","urlTemplate":"https:\/\/tbolides.com\/?s={search_term_string}"},"query-input":{"@type":"PropertyValueSpecification","valueRequired":true,"valueName":"search_term_string"}}],"inLanguage":"en-US"},{"@type":"Organization","@id":"https:\/\/tbolides.com\/#organization","name":"T-Cars","url":"https:\/\/tbolides.com\/","logo":{"@type":"ImageObject","inLanguage":"en-US","@id":"https:\/\/tbolides.com\/#\/schema\/logo\/image\/","url":"https:\/\/tbolides.com\/wp-content\/uploads\/Capture-decran-2022-11-04-a-11.41.35.png","contentUrl":"https:\/\/tbolides.com\/wp-content\/uploads\/Capture-decran-2022-11-04-a-11.41.35.png","width":304,"height":270,"caption":"T-Bolides"},"image":{"@id":"https:\/\/tbolides.com\/#\/schema\/logo\/image\/"}}]}},"_links":{"self":[{"href":"https:\/\/tbolides.com\/en\/wp-json\/wp\/v2\/pages\/825","targetHints":{"allow":["GET"]}}],"collection":[{"href":"https:\/\/tbolides.com\/en\/wp-json\/wp\/v2\/pages"}],"about":[{"href":"https:\/\/tbolides.com\/en\/wp-json\/wp\/v2\/types\/page"}],"author":[{"embeddable":true,"href":"https:\/\/tbolides.com\/en\/wp-json\/wp\/v2\/users\/1"}],"replies":[{"embeddable":true,"href":"https:\/\/tbolides.com\/en\/wp-json\/wp\/v2\/comments?post=825"}],"version-history":[{"count":40,"href":"https:\/\/tbolides.com\/en\/wp-json\/wp\/v2\/pages\/825\/revisions"}],"predecessor-version":[{"id":1963,"href":"https:\/\/tbolides.com\/en\/wp-json\/wp\/v2\/pages\/825\/revisions\/1963"}],"wp:attachment":[{"href":"https:\/\/tbolides.com\/en\/wp-json\/wp\/v2\/media?parent=825"}],"curies":[{"name":"wp","href":"https:\/\/api.w.org\/{rel}","templated":true}]}}